{"id":4194,"date":"2025-05-30T20:14:45","date_gmt":"2025-05-30T23:14:45","guid":{"rendered":"https:\/\/airlinkfiltros.com.br\/es\/?page_id=4194"},"modified":"2025-09-26T14:20:01","modified_gmt":"2025-09-26T17:20:01","slug":"politica-de-privacidade","status":"publish","type":"page","link":"https:\/\/airlinkfiltros.com.br\/es\/politica-de-privacidade\/","title":{"rendered":"Pol\u00edtica de Privacidade"},"content":{"rendered":"\t\t<div data-elementor-type=\"wp-page\" data-elementor-id=\"4194\" class=\"elementor elementor-4194\" data-elementor-post-type=\"page\">\n\t\t\t\t<div class=\"elementor-element elementor-element-cb9f1f1 e-flex e-con-boxed e-con e-parent\" data-id=\"cb9f1f1\" data-element_type=\"container\">\n\t\t\t\t\t<div class=\"e-con-inner\">\n\t\t\t\t<div class=\"elementor-element elementor-element-d660385 elementor-widget elementor-widget-heading\" data-id=\"d660385\" data-element_type=\"widget\" data-widget_type=\"heading.default\">\n\t\t\t\t<div class=\"elementor-widget-container\">\n\t\t\t\t\t<h1 class=\"elementor-heading-title elementor-size-default\">Pol\u00edtica de Privacidade<\/h1>\t\t\t\t<\/div>\n\t\t\t\t<\/div>\n\t\t\t\t<div class=\"elementor-element elementor-element-88d27c2 elementor-widget elementor-widget-text-editor\" data-id=\"88d27c2\" data-element_type=\"widget\" data-widget_type=\"text-editor.default\">\n\t\t\t\t<div class=\"elementor-widget-container\">\n\t\t\t\t\t\t\t\t\t<h2><strong>Pol\u00edtica de Privacidade (LGPD)<\/strong><\/h2><p>LGPD significa Lei Geral de Prote\u00e7\u00e3o de Dados Pessoais e se refere a Lei n\u00b0. 13.709\/2018, cuja finalidade \u00e9 regulamentar a coleta, armazenamento e tratamento de dados pessoais em territ\u00f3rio nacional.<\/p><p>Estas Pol\u00edticas se aplicam ao site\u00a0<em>www.airlinkfiltros.com.br<\/em>, pessoa jur\u00eddica de direito privado, inscrita no CNPJ\/MF sob o n\u00ba 06.306.060\/0001-13, com sede na Rua Acapulco, n\u00ba 187, Jurubatuba, S\u00e3o Paulo, SP, CEP 04675-190.<\/p><p>A sua privacidade \u00e9 muito importante para n\u00f3s. Nossa pol\u00edtica respeitar a sua privacidade em rela\u00e7\u00e3o a qualquer informa\u00e7\u00e3o sua que possamos coletar em nosso site.<\/p><p>Para fornecer um servi\u00e7o \u201cquando necess\u00e1rio\u201d, pediremos informa\u00e7\u00f5es pessoais e utilizaremos apenas para uso interno da empresa.<br \/>Por meios legais de acordo com a LGPD, informamos porque estamos coletando e como usaremos essas informa\u00e7\u00f5es.<\/p><p>Apenas retemos as informa\u00e7\u00f5es coletadas pelo tempo necess\u00e1rio para fornecer o servi\u00e7o solicitado. Quando armazenamos dados, os protegemos dentro de meios comercialmente aceit\u00e1veis para evitar perdas e roubos, bem como acesso, divulga\u00e7\u00e3o, c\u00f3pia, uso ou modifica\u00e7\u00e3o n\u00e3o autorizados.<\/p><p>N\u00e3o compartilhamos informa\u00e7\u00f5es de identifica\u00e7\u00e3o pessoal publicamente ou com terceiros, exceto quando exigido por lei.<\/p><p>O uso continuado de nosso site ser\u00e1 considerado como aceita\u00e7\u00e3o de nossas pr\u00e1ticas em torno de privacidade e informa\u00e7\u00f5es pessoais. Se voc\u00ea tiver alguma d\u00favida sobre como lidamos com dados do usu\u00e1rio e informa\u00e7\u00f5es pessoais, entre em contato conosco.<\/p><h2>\u00a0<\/h2><h2><strong>Pol\u00edtica de Cookies<\/strong><\/h2><h3><strong>O que s\u00e3o cookies?<\/strong><\/h3><p>Como \u00e9 pr\u00e1tica comum em quase todos os sites profissionais, este site usa cookies, que s\u00e3o pequenos arquivos baixados no seu computador, para melhorar sua experi\u00eancia. Esta p\u00e1gina descreve quais informa\u00e7\u00f5es eles coletam, como as usamos e por que \u00e0s vezes precisamos armazenar esses cookies. Tamb\u00e9m compartilharemos como voc\u00ea pode impedir que esses cookies sejam armazenados, no entanto, isso pode fazer o downgrade ou \u2018quebrar\u2019 certos elementos da funcionalidade do site.<\/p><p>\u00a0<\/p><h3><strong>Como usamos os cookies?<\/strong><\/h3><p>Utilizamos cookies por v\u00e1rios motivos, detalhados abaixo. Infelizmente, na maioria dos casos, n\u00e3o existem op\u00e7\u00f5es padr\u00e3o do setor para desativar os cookies sem desativar completamente a funcionalidade e os recursos que eles adicionam a este site. \u00c9 recomend\u00e1vel que voc\u00ea deixe todos os cookies se n\u00e3o tiver certeza se precisa ou n\u00e3o deles, caso sejam usados para fornecer um servi\u00e7o que voc\u00ea usa.<\/p><p>\u00a0<\/p><h3><strong>Desativar cookies:<\/strong><\/h3><p>Voc\u00ea pode impedir a configura\u00e7\u00e3o de cookies ajustando as configura\u00e7\u00f5es do seu navegador (consulte a AJUDA do navegador para saber como fazer isso). Esteja ciente de que a desativa\u00e7\u00e3o de cookies afetar\u00e1 a funcionalidade deste e de muitos outros sites que voc\u00ea visita. A desativa\u00e7\u00e3o de cookies geralmente resultar\u00e1 na desativa\u00e7\u00e3o de determinadas funcionalidades e recursos deste site. Portanto, \u00e9 recomend\u00e1vel que voc\u00ea n\u00e3o desative os cookies.<\/p><p>\u00a0<\/p><h3><strong>Cookies que definimos:<\/strong><\/h3><p>Cookies relacionados a formul\u00e1rios<\/p><p>Quando voc\u00ea envia dados por meio de um formul\u00e1rio como os encontrados nas p\u00e1ginas de contato, os cookies podem ser configurados para lembrar os detalhes do usu\u00e1rio para correspond\u00eancia futura.<\/p><p>\u00a0<\/p><h3><strong>Cookies de prefer\u00eancias do site:<\/strong><\/h3><p>Este site usa o Google Analytics, que \u00e9 uma das solu\u00e7\u00f5es de an\u00e1lise mais difundidas e confi\u00e1veis da Web, para nos ajudar a entender como voc\u00ea usa o site e como podemos melhorar sua experi\u00eancia. Esses cookies podem rastrear itens como quanto tempo voc\u00ea gasta no site e as p\u00e1ginas visitadas, para que possamos continuar produzindo conte\u00fado atraente.<\/p><p>Para mais informa\u00e7\u00f5es sobre cookies do Google Analytics, consulte a p\u00e1gina oficial do Google Analytics.<\/p><p>As an\u00e1lises de terceiros s\u00e3o usadas para rastrear e medir o uso deste site, para que possamos continuar produzindo conte\u00fado atrativo. Esses cookies podem rastrear itens como o tempo que voc\u00ea passa no site ou as p\u00e1ginas visitadas, o que nos ajuda a entender como podemos melhorar o site para voc\u00ea.<\/p><p>\u00a0<\/p><h3><strong>Compromisso do Usu\u00e1rio:<\/strong><\/h3><p>O usu\u00e1rio se compromete a fazer uso adequado dos conte\u00fados e da informa\u00e7\u00e3o que o\u00a0<strong>Airlink Filtros<\/strong>\u00a0oferece no site e com car\u00e1ter enunciativo, mas n\u00e3o limitativo:<\/p><p>A) N\u00e3o se envolver em atividades que sejam ilegais ou contr\u00e1rias \u00e0 boa f\u00e9 a \u00e0 ordem p\u00fablica;<\/p><p>B) N\u00e3o difundir propaganda ou conte\u00fado de natureza racista, xenof\u00f3bica, ou sobre cassinos, casas de apostas legais, jogos de sorte e azar, qualquer tipo de pornografia ilegal, de apologia ao terrorismo ou contra os direitos humanos;<\/p><p>C) N\u00e3o causar danos aos sistemas f\u00edsicos (hardwares) e l\u00f3gicos (softwares) da\u00a0<strong>Airlink Filtros<\/strong>, de seus fornecedores ou terceiros, para introduzir ou disseminar v\u00edrus inform\u00e1ticos ou quaisquer outros sistemas de hardware ou software que sejam capazes de causar danos anteriormente mencionados.<\/p><p>Esperemos que esteja esclarecido e, como mencionado anteriormente, se houver algo que voc\u00ea n\u00e3o tem certeza se precisa ou n\u00e3o, geralmente \u00e9 mais seguro deixar os cookies ativados, caso interaja com um dos recursos que voc\u00ea usa em nosso site.<\/p><p>\u00a0<\/p><h2><strong>Privacidade<\/strong><\/h2><p>Temos um enorme apre\u00e7o pela individualidade e privacidade de seus usu\u00e1rios, tendo o m\u00e1ximo respeito pelo sigilo de informa\u00e7\u00f5es obtidas atrav\u00e9s de nosso site.<\/p><p>Nosso compromisso \u00e9 manter em sigilo absoluto todas e quaisquer informa\u00e7\u00f5es de nossos usu\u00e1rios, obtidas atrav\u00e9s de nosso site, respeitadas as exce\u00e7\u00f5es previstas nesta pol\u00edtica.<\/p><p>\u00a0<\/p><h3><strong>Altera\u00e7\u00f5es:<\/strong><\/h3><p>A\u00a0<strong>Airlink Filtros<\/strong>\u00a0poder\u00e1 alterar a presente pol\u00edtica de privacidade, no entanto qualquer altera\u00e7\u00e3o ser\u00e1 veiculada em nosso site. Esta pol\u00edtica n\u00e3o cria qualquer v\u00ednculo contratual entre a\u00a0<strong>Airlink Filtros<\/strong>\u00a0e qualquer outra parte.<\/p><p>\u00a0<\/p><h3><strong>Dados Pessoais Relativos aos Visitantes<\/strong><\/h3><p>\u00a0<\/p><h4><strong>Formul\u00e1rio de contato:<\/strong><\/h4><p><strong>Informa\u00e7\u00f5es obrigat\u00f3rias<\/strong>: revestem car\u00e1ter obrigat\u00f3rio as seguintes informa\u00e7\u00f5es solicitadas ao Visitante nos formul\u00e1rios de contato: Nome, Empresa, E-mail, Telefone e Cidade.<\/p><p><strong>Informa\u00e7\u00f5es facultativas<\/strong>: o Visitante tamb\u00e9m poder\u00e1 fornecer os seguintes dados de car\u00e1ter facultativo: Mensagem<\/p><p>O Editor recolhe, ainda, os seguintes Dados Pessoais:<\/p><p>Identificador do Visitante<\/p><p>Data de cria\u00e7\u00e3o e data de envio do pedido<\/p><p>Identificador do destinat\u00e1rio, tipo de destinat\u00e1rio, endere\u00e7o de e-mail do destinat\u00e1rio<\/p><p><strong>Finalidades<\/strong>: o fornecimento desses Dados Pessoais pelo Visitante \u00e9 obrigat\u00f3rio a fim que o Editor possa oferecer os Servi\u00e7os ao Visitante, nomeadamente para recolher e transmitir os seus pedidos e dados de contacto aos Vendedores e enviar-lhe informa\u00e7\u00f5es.<\/p><p>O fornecimento dessas informa\u00e7\u00f5es permite igualmente ao Editor gerir a sua base de dados de Visitantes, gerir o acompanhamento da rela\u00e7\u00e3o com o Visitante e, se for caso disso, dar cumprimento \u00e0s suas obriga\u00e7\u00f5es legais.<\/p><p>Qualquer Visitante que n\u00e3o deseje fornecer as informa\u00e7\u00f5es obrigat\u00f3rias n\u00e3o poder\u00e1 efetuar pedidos, receber informa\u00e7\u00f5es.<\/p><p>\u00a0<\/p><h3><strong>Contato sobre d\u00favidas sobre a LGPD<\/strong><\/h3><p>Como entro em contato com a\u00a0<strong>Airlink Filtros<\/strong>\u00a0em caso de d\u00favidas sobre a LGPD?<br \/>Em caso de d\u00favidas n\u00e3o deixe de nos contatar pelos e-mails, abaixo relacionados:<\/p><p>AirlinkFiltros:\u00a0<a href=\"mailto:airlinkfiltros@airlinkfiltros.com.br\">airlinkfiltros@airlinkfiltros.com.br<\/a><\/p>\t\t\t\t\t\t\t\t<\/div>\n\t\t\t\t<\/div>\n\t\t\t\t\t<\/div>\n\t\t\t\t<\/div>\n\t\t\t\t<\/div>\n\t\t","protected":false},"excerpt":{"rendered":"<p>Pol\u00edtica de Privacidade (LGPD) LGPD significa Lei Geral de Prote\u00e7\u00e3o de Dados Pessoais e se refere a Lei n\u00b0. 13.709\/2018, cuja finalidade \u00e9 regulamentar a coleta, armazenamento e tratamento de dados pessoais em territ\u00f3rio nacional. Estas Pol\u00edticas se aplicam ao site\u00a0www.airlinkfiltros.com.br, pessoa jur\u00eddica de direito privado, inscrita no CNPJ\/MF sob o n\u00ba 06.306.060\/0001-13, com sede [&hellip;]<\/p>\n","protected":false},"author":1,"featured_media":0,"parent":0,"menu_order":0,"comment_status":"closed","ping_status":"closed","template":"elementor_header_footer","meta":{"_acf_changed":false,"footnotes":""},"class_list":["post-4194","page","type-page","status-publish","hentry"],"acf":[],"_links":{"self":[{"href":"https:\/\/airlinkfiltros.com.br\/es\/wp-json\/wp\/v2\/pages\/4194","targetHints":{"allow":["GET"]}}],"collection":[{"href":"https:\/\/airlinkfiltros.com.br\/es\/wp-json\/wp\/v2\/pages"}],"about":[{"href":"https:\/\/airlinkfiltros.com.br\/es\/wp-json\/wp\/v2\/types\/page"}],"author":[{"embeddable":true,"href":"https:\/\/airlinkfiltros.com.br\/es\/wp-json\/wp\/v2\/users\/1"}],"replies":[{"embeddable":true,"href":"https:\/\/airlinkfiltros.com.br\/es\/wp-json\/wp\/v2\/comments?post=4194"}],"version-history":[{"count":0,"href":"https:\/\/airlinkfiltros.com.br\/es\/wp-json\/wp\/v2\/pages\/4194\/revisions"}],"wp:attachment":[{"href":"https:\/\/airlinkfiltros.com.br\/es\/wp-json\/wp\/v2\/media?parent=4194"}],"curies":[{"name":"wp","href":"https:\/\/api.w.org\/{rel}","templated":true}]}}