{"id":4724,"date":"2025-09-25T19:04:04","date_gmt":"2025-09-25T22:04:04","guid":{"rendered":"https:\/\/airlinkfiltros.com.br\/es\/?page_id=4724"},"modified":"2025-12-02T18:43:03","modified_gmt":"2025-12-02T21:43:03","slug":"filtro-industrial-para-grafica","status":"publish","type":"page","link":"https:\/\/airlinkfiltros.com.br\/es\/filtro-industrial-para-grafica\/","title":{"rendered":"Filtro industrial para gr\u00e1fica"},"content":{"rendered":"\t\t<div data-elementor-type=\"wp-page\" data-elementor-id=\"4724\" class=\"elementor elementor-4724\" data-elementor-post-type=\"page\">\n\t\t\t\t<div class=\"elementor-element elementor-element-31a0f34 e-flex e-con-boxed e-con e-parent\" data-id=\"31a0f34\" data-element_type=\"container\" data-settings=\"{&quot;background_background&quot;:&quot;gradient&quot;}\">\n\t\t\t\t\t<div class=\"e-con-inner\">\n\t\t\t\t<div class=\"elementor-element elementor-element-402615d elementor-widget elementor-widget-heading\" data-id=\"402615d\" data-element_type=\"widget\" data-widget_type=\"heading.default\">\n\t\t\t\t<div class=\"elementor-widget-container\">\n\t\t\t\t\t<h1 class=\"elementor-heading-title elementor-size-default\">Nuestra l\u00ednea de filtros para la industria de las artes gr\u00e1ficas<\/h1>\t\t\t\t<\/div>\n\t\t\t\t<\/div>\n\t\t\t\t\t<\/div>\n\t\t\t\t<\/div>\n\t\t<div class=\"elementor-element elementor-element-c2406d2 e-flex e-con-boxed e-con e-parent\" data-id=\"c2406d2\" data-element_type=\"container\" data-settings=\"{&quot;background_background&quot;:&quot;classic&quot;}\">\n\t\t\t\t\t<div class=\"e-con-inner\">\n\t\t<div class=\"elementor-element elementor-element-65205c8 e-con-full e-flex e-con e-child\" data-id=\"65205c8\" data-element_type=\"container\">\n\t\t\t\t<div class=\"elementor-element elementor-element-1ce6f57 elementor-widget elementor-widget-image\" data-id=\"1ce6f57\" data-element_type=\"widget\" data-widget_type=\"image.default\">\n\t\t\t\t<div class=\"elementor-widget-container\">\n\t\t\t\t\t\t\t\t\t\t\t\t\t\t\t<img fetchpriority=\"high\" decoding=\"async\" width=\"595\" height=\"521\" src=\"https:\/\/airlinkfiltros.com.br\/es\/wp-content\/uploads\/2025\/06\/Filtro-grafica-1.png\" class=\"attachment-full size-full wp-image-4475\" alt=\"\" srcset=\"https:\/\/airlinkfiltros.com.br\/es\/wp-content\/uploads\/2025\/06\/Filtro-grafica-1.png 595w, https:\/\/airlinkfiltros.com.br\/es\/wp-content\/uploads\/2025\/06\/Filtro-grafica-1-300x263.png 300w\" sizes=\"(max-width: 595px) 100vw, 595px\" \/>\t\t\t\t\t\t\t\t\t\t\t\t\t\t\t<\/div>\n\t\t\t\t<\/div>\n\t\t\t\t<div class=\"elementor-element elementor-element-e63d153 elementor-align-justify elementor-widget elementor-widget-button\" data-id=\"e63d153\" data-element_type=\"widget\" data-widget_type=\"button.default\">\n\t\t\t\t<div class=\"elementor-widget-container\">\n\t\t\t\t\t\t\t\t\t<div class=\"elementor-button-wrapper\">\n\t\t\t\t\t<a class=\"elementor-button elementor-button-link elementor-size-sm\" href=\"https:\/\/airlinkfiltros.com.br\/es\/contacto\/\">\n\t\t\t\t\t\t<span class=\"elementor-button-content-wrapper\">\n\t\t\t\t\t\t\t\t\t<span class=\"elementor-button-text\">Entrar en contacto<\/span>\n\t\t\t\t\t<\/span>\n\t\t\t\t\t<\/a>\n\t\t\t\t<\/div>\n\t\t\t\t\t\t\t\t<\/div>\n\t\t\t\t<\/div>\n\t\t\t\t<div class=\"elementor-element elementor-element-1a99efc elementor-align-justify elementor-widget elementor-widget-button\" data-id=\"1a99efc\" data-element_type=\"widget\" data-widget_type=\"button.default\">\n\t\t\t\t<div class=\"elementor-widget-container\">\n\t\t\t\t\t\t\t\t\t<div class=\"elementor-button-wrapper\">\n\t\t\t\t\t<a class=\"elementor-button elementor-button-link elementor-size-sm\" href=\"#elementor-action%3Aaction%3Dpopup%3Aopen%26settings%3DeyJpZCI6IjM5MDUiLCJ0b2dnbGUiOmZhbHNlfQ%3D%3D\">\n\t\t\t\t\t\t<span class=\"elementor-button-content-wrapper\">\n\t\t\t\t\t\t\t\t\t<span class=\"elementor-button-text\">Descargar ficha t\u00e9cnica<\/span>\n\t\t\t\t\t<\/span>\n\t\t\t\t\t<\/a>\n\t\t\t\t<\/div>\n\t\t\t\t\t\t\t\t<\/div>\n\t\t\t\t<\/div>\n\t\t\t\t<\/div>\n\t\t<div class=\"elementor-element elementor-element-5fd3a14 e-con-full e-flex e-con e-child\" data-id=\"5fd3a14\" data-element_type=\"container\" data-settings=\"{&quot;background_background&quot;:&quot;classic&quot;}\">\n\t\t\t\t<div class=\"elementor-element elementor-element-46d8420 e-n-tabs-mobile elementor-widget elementor-widget-n-tabs\" data-id=\"46d8420\" data-element_type=\"widget\" data-settings=\"{&quot;tabs_justify_horizontal&quot;:&quot;start&quot;,&quot;horizontal_scroll&quot;:&quot;disable&quot;}\" data-widget_type=\"nested-tabs.default\">\n\t\t\t\t<div class=\"elementor-widget-container\">\n\t\t\t\t\t\t\t<div class=\"e-n-tabs\" data-widget-number=\"74286112\" aria-label=\"Abas. Abra itens com &quot;Enter&quot; ou &quot;Espa\u00e7o&quot;, feche com &quot;Escape&quot; e navegue usando as teclas de &quot;Seta&quot;.\">\n\t\t\t<div class=\"e-n-tabs-heading\" role=\"tablist\">\n\t\t\t\t\t<button id=\"e-n-tab-title-742861121\" data-tab-title-id=\"e-n-tab-title-742861121\" class=\"e-n-tab-title\" aria-selected=\"true\" data-tab-index=\"1\" role=\"tab\" tabindex=\"0\" aria-controls=\"e-n-tab-content-742861121\" style=\"--n-tabs-title-order: 1;\">\n\t\t\t\t\t\t<span class=\"e-n-tab-title-text\">\n\t\t\t\tAplicaciones\t\t\t<\/span>\n\t\t<\/button>\n\t\t\t\t<button id=\"e-n-tab-title-742861122\" data-tab-title-id=\"e-n-tab-title-742861122\" class=\"e-n-tab-title\" aria-selected=\"false\" data-tab-index=\"2\" role=\"tab\" tabindex=\"-1\" aria-controls=\"e-n-tab-content-742861122\" style=\"--n-tabs-title-order: 2;\">\n\t\t\t\t\t\t<span class=\"e-n-tab-title-text\">\n\t\t\t\tVentajas\t\t\t<\/span>\n\t\t<\/button>\n\t\t\t\t<button id=\"e-n-tab-title-742861123\" data-tab-title-id=\"e-n-tab-title-742861123\" class=\"e-n-tab-title\" aria-selected=\"false\" data-tab-index=\"3\" role=\"tab\" tabindex=\"-1\" aria-controls=\"e-n-tab-content-742861123\" style=\"--n-tabs-title-order: 3;\">\n\t\t\t\t\t\t<span class=\"e-n-tab-title-text\">\n\t\t\t\tCaracter\u00edsticas\t\t\t<\/span>\n\t\t<\/button>\n\t\t\t\t<button id=\"e-n-tab-title-742861124\" data-tab-title-id=\"e-n-tab-title-742861124\" class=\"e-n-tab-title\" aria-selected=\"false\" data-tab-index=\"4\" role=\"tab\" tabindex=\"-1\" aria-controls=\"e-n-tab-content-742861124\" style=\"--n-tabs-title-order: 4;\">\n\t\t\t\t\t\t<span class=\"e-n-tab-title-text\">\n\t\t\t\tDatos t\u00e9cnicos\t\t\t<\/span>\n\t\t<\/button>\n\t\t\t\t<button id=\"e-n-tab-title-742861125\" data-tab-title-id=\"e-n-tab-title-742861125\" class=\"e-n-tab-title\" aria-selected=\"false\" data-tab-index=\"5\" role=\"tab\" tabindex=\"-1\" aria-controls=\"e-n-tab-content-742861125\" style=\"--n-tabs-title-order: 5;\">\n\t\t\t\t\t\t<span class=\"e-n-tab-title-text\">\n\t\t\t\tOtras informaci\u00f3nes\t\t\t<\/span>\n\t\t<\/button>\n\t\t\t\t\t<\/div>\n\t\t\t<div class=\"e-n-tabs-content\">\n\t\t\t\t<div id=\"e-n-tab-content-742861121\" role=\"tabpanel\" aria-labelledby=\"e-n-tab-title-742861121\" data-tab-index=\"1\" style=\"--n-tabs-title-order: 1;\" class=\"e-active elementor-element elementor-element-8dbb192 e-con-full e-flex e-con e-child\" data-id=\"8dbb192\" data-element_type=\"container\" data-settings=\"{&quot;background_background&quot;:&quot;classic&quot;}\">\n\t\t\t\t<div class=\"elementor-element elementor-element-f6992a7 elementor-widget elementor-widget-heading\" data-id=\"f6992a7\" data-element_type=\"widget\" data-widget_type=\"heading.default\">\n\t\t\t\t<div class=\"elementor-widget-container\">\n\t\t\t\t\t<h2 class=\"elementor-heading-title elementor-size-default\">Aplicaciones<\/h2>\t\t\t\t<\/div>\n\t\t\t\t<\/div>\n\t\t\t\t<div class=\"elementor-element elementor-element-78cc360 elementor-widget elementor-widget-text-editor\" data-id=\"78cc360\" data-element_type=\"widget\" data-widget_type=\"text-editor.default\">\n\t\t\t\t<div class=\"elementor-widget-container\">\n\t\t\t\t\t\t\t\t\t<ul><li style=\"font-weight: 400;\" aria-level=\"1\">Sistemas de agua refrigerada para la refrigeraci\u00f3n de m\u00e1quinas de impresi\u00f3n.<\/li><li style=\"font-weight: 400;\" aria-level=\"1\">Procesadoras de planchas para impresi\u00f3n offset y digital.<\/li><li style=\"font-weight: 400;\" aria-level=\"1\">Bombas de vac\u00edo en procesos gr\u00e1ficos industriales.<\/li><li style=\"font-weight: 400;\" aria-level=\"1\">L\u00edneas de aire comprimido para la alimentaci\u00f3n de equipos.<\/li><li style=\"font-weight: 400;\" aria-level=\"1\">Sistemas de ventilaci\u00f3n y extracci\u00f3n de gases para maquinaria rotativa.<\/li><li style=\"font-weight: 400;\" aria-level=\"1\">Circuitos de refrigeraci\u00f3n y reflexi\u00f3n t\u00e9rmica.<\/li><\/ul>\t\t\t\t\t\t\t\t<\/div>\n\t\t\t\t<\/div>\n\t\t\t\t<\/div>\n\t\t<div id=\"e-n-tab-content-742861122\" role=\"tabpanel\" aria-labelledby=\"e-n-tab-title-742861122\" data-tab-index=\"2\" style=\"--n-tabs-title-order: 2;\" class=\" elementor-element elementor-element-43f9a39 e-con-full e-flex e-con e-child\" data-id=\"43f9a39\" data-element_type=\"container\" data-settings=\"{&quot;background_background&quot;:&quot;classic&quot;}\">\n\t\t\t\t<div class=\"elementor-element elementor-element-cb2079e elementor-widget elementor-widget-heading\" data-id=\"cb2079e\" data-element_type=\"widget\" data-widget_type=\"heading.default\">\n\t\t\t\t<div class=\"elementor-widget-container\">\n\t\t\t\t\t<h2 class=\"elementor-heading-title elementor-size-default\">Ventajas<\/h2>\t\t\t\t<\/div>\n\t\t\t\t<\/div>\n\t\t\t\t<div class=\"elementor-element elementor-element-387fd16 elementor-widget elementor-widget-text-editor\" data-id=\"387fd16\" data-element_type=\"widget\" data-widget_type=\"text-editor.default\">\n\t\t\t\t<div class=\"elementor-widget-container\">\n\t\t\t\t\t\t\t\t\t<ul><li style=\"font-weight: 400;\" aria-level=\"1\"><strong>Mayor durabilidad del equipo:<\/strong> Protecci\u00f3n eficaz contra part\u00edculas y contaminantes.<\/li><li style=\"font-weight: 400;\" aria-level=\"1\"><strong>Calidad de impresi\u00f3n superior:<\/strong> Impresiones m\u00e1s limpias e impecables.<\/li><li style=\"font-weight: 400;\" aria-level=\"1\"><strong>Eficiencia operativa:<\/strong> Menor tiempo de inactividad por mantenimiento y mayor productividad.<\/li><li style=\"font-weight: 400;\" aria-level=\"1\"><strong>Reducci\u00f3n de costos:<\/strong> Menor desgaste de piezas, menos reemplazos de componentes y menos desperdicio de material.<\/li><li style=\"font-weight: 400;\" aria-level=\"1\"><strong>Sostenibilidad:<\/strong> Menos desperdicio y mejor uso de los recursos.<\/li><\/ul>\t\t\t\t\t\t\t\t<\/div>\n\t\t\t\t<\/div>\n\t\t\t\t<\/div>\n\t\t<div id=\"e-n-tab-content-742861123\" role=\"tabpanel\" aria-labelledby=\"e-n-tab-title-742861123\" data-tab-index=\"3\" style=\"--n-tabs-title-order: 3;\" class=\" elementor-element elementor-element-3e56dd9 e-con-full e-flex e-con e-child\" data-id=\"3e56dd9\" data-element_type=\"container\" data-settings=\"{&quot;background_background&quot;:&quot;classic&quot;}\">\n\t\t\t\t<div class=\"elementor-element elementor-element-d96bafb elementor-widget elementor-widget-heading\" data-id=\"d96bafb\" data-element_type=\"widget\" data-widget_type=\"heading.default\">\n\t\t\t\t<div class=\"elementor-widget-container\">\n\t\t\t\t\t<h2 class=\"elementor-heading-title elementor-size-default\">Caracter\u00edsticas<\/h2>\t\t\t\t<\/div>\n\t\t\t\t<\/div>\n\t\t\t\t<div class=\"elementor-element elementor-element-2178bb8 elementor-widget elementor-widget-text-editor\" data-id=\"2178bb8\" data-element_type=\"widget\" data-widget_type=\"text-editor.default\">\n\t\t\t\t<div class=\"elementor-widget-container\">\n\t\t\t\t\t\t\t\t\t<ul><li style=\"font-weight: 400;\" aria-level=\"1\">Materiales de alta resistencia qu\u00edmica y mec\u00e1nica.<\/li><li style=\"font-weight: 400;\" aria-level=\"1\">Diversas formas y accesorios compatibles con sistemas gr\u00e1ficos.<\/li><li style=\"font-weight: 400;\" aria-level=\"1\">Retenci\u00f3n eficiente de part\u00edculas s\u00f3lidas, l\u00edquidas y aceitosas.<\/li><li style=\"font-weight: 400;\" aria-level=\"1\">Modelos con baja p\u00e9rdida de carga y alto caudal.<\/li><li style=\"font-weight: 400;\" aria-level=\"1\">Opciones con estera sint\u00e9tica, polipropileno calandrado, fibra de vidrio y elementos especiales.<\/li><\/ul>\t\t\t\t\t\t\t\t<\/div>\n\t\t\t\t<\/div>\n\t\t\t\t<\/div>\n\t\t<div id=\"e-n-tab-content-742861124\" role=\"tabpanel\" aria-labelledby=\"e-n-tab-title-742861124\" data-tab-index=\"4\" style=\"--n-tabs-title-order: 4;\" class=\" elementor-element elementor-element-0aae69e e-con-full e-flex e-con e-child\" data-id=\"0aae69e\" data-element_type=\"container\" data-settings=\"{&quot;background_background&quot;:&quot;classic&quot;}\">\n\t\t\t\t<div class=\"elementor-element elementor-element-9994516 elementor-widget elementor-widget-text-editor\" data-id=\"9994516\" data-element_type=\"widget\" data-widget_type=\"text-editor.default\">\n\t\t\t\t<div class=\"elementor-widget-container\">\n\t\t\t\t\t\t\t\t\t<table><tbody><tr><td><h3><strong>Producto<\/strong><\/h3><\/td><td><h3><strong>Aplicaci\u00f3n t\u00edpica<\/strong><\/h3><\/td><\/tr><tr><td><p>Mantas para agua fr\u00eda<\/p><\/td><td><p>Enfriamiento y enfriamiento<\/p><\/td><\/tr><tr><td><p><span style=\"font-weight: 400;\">Filtros de Aire<\/span><\/p><\/td><td><p>Aire comprimido y ventilaci\u00f3n<\/p><\/td><\/tr><tr><td><p>Filtros para procesadores de chapa met\u00e1lica<\/p><\/td><td><p>Impresi\u00f3n offset\/digital<\/p><\/td><\/tr><tr><td><p>Filtros para bombas de vac\u00edo<\/p><\/td><td><p>Equipos Becker, Leybold y Edwards<\/p><\/td><\/tr><tr><td><p>Filtros para botellas de agua<\/p><\/td><td><p>Reflectores t\u00e9rmicos y circuitos hidr\u00e1ulicos<\/p><\/td><\/tr><tr><td><p><span style=\"font-weight: 400;\">Filtros para M\u00e1quinas Rotativas<\/span><\/p><\/td><td><p>Impresoras de gran formato y alta velocidad<\/p><\/td><\/tr><\/tbody><\/table>\t\t\t\t\t\t\t\t<\/div>\n\t\t\t\t<\/div>\n\t\t\t\t<\/div>\n\t\t<div id=\"e-n-tab-content-742861125\" role=\"tabpanel\" aria-labelledby=\"e-n-tab-title-742861125\" data-tab-index=\"5\" style=\"--n-tabs-title-order: 5;\" class=\" elementor-element elementor-element-d566a28 e-con-full e-flex e-con e-child\" data-id=\"d566a28\" data-element_type=\"container\" data-settings=\"{&quot;background_background&quot;:&quot;classic&quot;}\">\n\t\t\t\t<div class=\"elementor-element elementor-element-9e932da elementor-widget elementor-widget-text-editor\" data-id=\"9e932da\" data-element_type=\"widget\" data-widget_type=\"text-editor.default\">\n\t\t\t\t<div class=\"elementor-widget-container\">\n\t\t\t\t\t\t\t\t\t<ul><li style=\"font-weight: 400;\" aria-level=\"1\">Ofrecemos filtros personalizados seg\u00fan las especificaciones del cliente.<\/li><li style=\"font-weight: 400;\" aria-level=\"1\">Productos con certificaci\u00f3n de eficiencia t\u00e9cnica.<\/li><li style=\"font-weight: 400;\" aria-level=\"1\">Soporte completo para instalaci\u00f3n, mantenimiento y reemplazo.<\/li><li style=\"font-weight: 400;\" aria-level=\"1\">Stock local y entrega r\u00e1pida para imprentas de todo Brasil.<\/li><\/ul>\t\t\t\t\t\t\t\t<\/div>\n\t\t\t\t<\/div>\n\t\t\t\t<\/div>\n\t\t\t\t\t<\/div>\n\t\t<\/div>\n\t\t\t\t\t\t<\/div>\n\t\t\t\t<\/div>\n\t\t\t\t<\/div>\n\t\t\t\t\t<\/div>\n\t\t\t\t<\/div>\n\t\t\t\t<\/div>\n\t\t","protected":false},"excerpt":{"rendered":"<p>Nuestra l\u00ednea de filtros para la industria de las artes gr\u00e1ficas Entrar en contacto Descargar ficha t\u00e9cnica Aplicaciones Ventajas Caracter\u00edsticas Datos t\u00e9cnicos Otras informaci\u00f3nes Aplicaciones Sistemas de agua refrigerada para la refrigeraci\u00f3n de m\u00e1quinas de impresi\u00f3n. Procesadoras de planchas para impresi\u00f3n offset y digital. Bombas de vac\u00edo en procesos gr\u00e1ficos industriales. L\u00edneas de aire comprimido [&hellip;]<\/p>\n","protected":false},"author":1,"featured_media":0,"parent":0,"menu_order":0,"comment_status":"closed","ping_status":"closed","template":"elementor_header_footer","meta":{"_acf_changed":false,"footnotes":""},"class_list":["post-4724","page","type-page","status-publish","hentry"],"acf":[],"_links":{"self":[{"href":"https:\/\/airlinkfiltros.com.br\/es\/wp-json\/wp\/v2\/pages\/4724","targetHints":{"allow":["GET"]}}],"collection":[{"href":"https:\/\/airlinkfiltros.com.br\/es\/wp-json\/wp\/v2\/pages"}],"about":[{"href":"https:\/\/airlinkfiltros.com.br\/es\/wp-json\/wp\/v2\/types\/page"}],"author":[{"embeddable":true,"href":"https:\/\/airlinkfiltros.com.br\/es\/wp-json\/wp\/v2\/users\/1"}],"replies":[{"embeddable":true,"href":"https:\/\/airlinkfiltros.com.br\/es\/wp-json\/wp\/v2\/comments?post=4724"}],"version-history":[{"count":3,"href":"https:\/\/airlinkfiltros.com.br\/es\/wp-json\/wp\/v2\/pages\/4724\/revisions"}],"predecessor-version":[{"id":5825,"href":"https:\/\/airlinkfiltros.com.br\/es\/wp-json\/wp\/v2\/pages\/4724\/revisions\/5825"}],"wp:attachment":[{"href":"https:\/\/airlinkfiltros.com.br\/es\/wp-json\/wp\/v2\/media?parent=4724"}],"curies":[{"name":"wp","href":"https:\/\/api.w.org\/{rel}","templated":true}]}}